{"id":1896,"date":"2018-04-17T15:33:43","date_gmt":"2018-04-17T15:33:43","guid":{"rendered":"http:\/\/sacimx.com.mx\/m\/?page_id=1896"},"modified":"2024-08-28T00:17:07","modified_gmt":"2024-08-28T00:17:07","slug":"casos-de-exito","status":"publish","type":"page","link":"https:\/\/sacimx.com.mx\/m\/casos-de-exito\/","title":{"rendered":"Casos de \u00c9xito"},"content":{"rendered":"<p>\n<style type=\"text\/css\" data-created_by=\"avia_inline_auto\" id=\"style-css-av-71e4nu-c19a839a04fb3767d8f5887c40c13d86\">\n.avia-section.av-71e4nu-c19a839a04fb3767d8f5887c40c13d86{\nbackground-repeat:no-repeat;\nbackground-image:url(https:\/\/sacimx.com.mx\/m\/wp-content\/uploads\/2018\/07\/bg-010.jpg);\nbackground-position:50% 100%;\nbackground-attachment:fixed;\n}\n.avia-section.av-71e4nu-c19a839a04fb3767d8f5887c40c13d86 .av-extra-border-element .av-extra-border-inner{\nbackground-color:#910000;\n}\n<\/style>\n<div id='av_section_1'  class='avia-section av-71e4nu-c19a839a04fb3767d8f5887c40c13d86 main_color avia-section-default avia-no-border-styling  avia-builder-el-0  el_before_av_layout_row  avia-builder-el-first  avia-bg-style-fixed container_wrap sidebar_right'  data-section-bg-repeat='no-repeat'><div class='container av-section-cont-open' ><main  role=\"main\" itemprop=\"mainContentOfPage\"  class='template-page content  av-content-small alpha units'><div class='post-entry post-entry-type-page post-entry-1896'><div class='entry-content-wrapper clearfix'>\n\n<style type=\"text\/css\" data-created_by=\"avia_inline_auto\" id=\"style-css-av-8u3348-c1f8b99227c53dc7f370e32a3d4e6276\">\n.flex_column.av-8u3348-c1f8b99227c53dc7f370e32a3d4e6276{\nborder-radius:0px 0px 0px 0px;\npadding:0px 0px 0px 0px;\n}\n<\/style>\n<div  class='flex_column av-8u3348-c1f8b99227c53dc7f370e32a3d4e6276 av_one_full  avia-builder-el-1  el_before_av_one_third  avia-builder-el-first  first flex_column_div av-zero-column-padding  '     ><section  class='av_textblock_section av-bi98go-88d3e31b562db0a31d06d4f93c7c414c '   itemscope=\"itemscope\" itemtype=\"https:\/\/schema.org\/CreativeWork\" ><div class='avia_textblock'  itemprop=\"text\" ><p><strong><img loading=\"lazy\" decoding=\"async\" class=\"alignleft size-full wp-image-817\" src=\"https:\/\/sacimx.com.mx\/m\/wp-content\/uploads\/2016\/12\/bullet-1.png\" alt=\"bullet\" width=\"42\" height=\"50\" \/><span style=\"font-family: arial,helvetica,sans-serif; font-size: 21pt; color: #ff0000;\"><br \/>\n<span style=\"color: #000000;\">Casos de \u00c9xito<br \/>\n<\/span><\/span><\/strong><\/p>\n<\/div><\/section><\/div>\n<style type=\"text\/css\" data-created_by=\"avia_inline_auto\" id=\"style-css-av-8u3348-c1f8b99227c53dc7f370e32a3d4e6276\">\n.flex_column.av-8u3348-c1f8b99227c53dc7f370e32a3d4e6276{\nborder-radius:0px 0px 0px 0px;\npadding:0px 0px 0px 0px;\n}\n<\/style>\n<div  class='flex_column av-8u3348-c1f8b99227c53dc7f370e32a3d4e6276 av_one_half first flex_column_div av-zero-column-padding  '     ><p><section  class='av_textblock_section av-bi98go-88d3e31b562db0a31d06d4f93c7c414c '   itemscope=\"itemscope\" itemtype=\"https:\/\/schema.org\/CreativeWork\" ><div class='avia_textblock'  itemprop=\"text\" ><p><strong><span style=\"font-family: arial,helvetica,sans-serif; font-size: 21pt; color: #ff0000;\"><span style=\"color: #000000;\">2021<\/span><\/span><\/strong><\/p>\n<\/div><\/section><br \/>\n\n<style type=\"text\/css\" data-created_by=\"avia_inline_auto\" id=\"style-css-av-kxrus4eh-85c4b2bdedbf27f40418eada272d0880\">\n#top .av_textblock_section.av-kxrus4eh-85c4b2bdedbf27f40418eada272d0880 .avia_textblock{\ncolor:#050505;\n}\n<\/style>\n<section  class='av_textblock_section av-kxrus4eh-85c4b2bdedbf27f40418eada272d0880 '   itemscope=\"itemscope\" itemtype=\"https:\/\/schema.org\/CreativeWork\" ><div class='avia_textblock av_inherit_color'  itemprop=\"text\" ><p style=\"text-align: justify;\"><span style=\"font-family: arial, helvetica, sans-serif; font-size: 12pt; color: #000000;\">En este a\u00f1o fuimos contratados por la compa\u00f1\u00eda <strong>ENEL Green Power M\u00e9xico S. de R.L. de C.V.<\/strong> para el servicio de Mantenimiento preventivo y Mantenimiento correctivo a Sistemas Contra Incendios de las Plantas EGP M\u00e9xico.<\/span><\/p>\n<\/div><\/section><\/p><\/div>\n<style type=\"text\/css\" data-created_by=\"avia_inline_auto\" id=\"style-css-av-ck7ek8-57e4f233072f55b312ffcd4c22364f16\">\n.flex_column.av-ck7ek8-57e4f233072f55b312ffcd4c22364f16{\nborder-radius:0px 0px 0px 0px;\npadding:0px 0px 0px 0px;\n}\n<\/style>\n<div  class='flex_column av-ck7ek8-57e4f233072f55b312ffcd4c22364f16 av_one_half flex_column_div av-zero-column-padding  '     ><p><section  class='av_textblock_section av-kxrusqzh-647ca433ac64d3456b204b0cf16a9729 '   itemscope=\"itemscope\" itemtype=\"https:\/\/schema.org\/CreativeWork\" ><div class='avia_textblock'  itemprop=\"text\" ><p><strong><span style=\"font-family: arial,helvetica,sans-serif; font-size: 21pt; color: #ff0000;\"><span style=\"color: #000000;\">2020<\/span><\/span><\/strong><\/p>\n<\/div><\/section><br \/>\n\n<style type=\"text\/css\" data-created_by=\"avia_inline_auto\" id=\"style-css-av-kxrutp8c-9794386a269eee93a086e5c317e93d2a\">\n#top .av_textblock_section.av-kxrutp8c-9794386a269eee93a086e5c317e93d2a .avia_textblock{\ncolor:#020202;\n}\n<\/style>\n<section  class='av_textblock_section av-kxrutp8c-9794386a269eee93a086e5c317e93d2a '   itemscope=\"itemscope\" itemtype=\"https:\/\/schema.org\/CreativeWork\" ><div class='avia_textblock av_inherit_color'  itemprop=\"text\" ><p style=\"text-align: justify;\"><span style=\"font-family: arial, helvetica, sans-serif; font-size: 12pt; color: #000000;\">Fuimos contratados por la Empresa <strong>ICA FLUOR DANIEL S. DE R.L. DE C.V.<\/strong> para el dise\u00f1o, instalaci\u00f3n y puesta en marcha del Sistema de Supresi\u00f3n a base de CO2 de cuartos de control para las plataformas Ichalkil, Pokoch y Tumut.<\/span><\/p>\n<\/div><\/section><\/p><\/div>\n<style type=\"text\/css\" data-created_by=\"avia_inline_auto\" id=\"style-css-av-bjhloo-759082c3c5de26cf44131f47154edd1b\">\n.flex_column.av-bjhloo-759082c3c5de26cf44131f47154edd1b{\nborder-radius:0px 0px 0px 0px;\npadding:0px 0px 0px 0px;\n}\n<\/style>\n<div  class='flex_column av-bjhloo-759082c3c5de26cf44131f47154edd1b av_one_half first flex_column_div av-zero-column-padding  '     ><p><section  class='av_textblock_section av-kxruu34i-aad2a9138a203f9157d680b52faa25d1 '   itemscope=\"itemscope\" itemtype=\"https:\/\/schema.org\/CreativeWork\" ><div class='avia_textblock'  itemprop=\"text\" ><p><strong><span style=\"font-family: arial,helvetica,sans-serif; font-size: 21pt; color: #ff0000;\"><span style=\"color: #000000;\">2019<\/span><\/span><\/strong><\/p>\n<\/div><\/section><br \/>\n\n<style type=\"text\/css\" data-created_by=\"avia_inline_auto\" id=\"style-css-av-kxruumk2-08c99e9451fbdfeac7627ea853589ae8\">\n#top .av_textblock_section.av-kxruumk2-08c99e9451fbdfeac7627ea853589ae8 .avia_textblock{\ncolor:#020202;\n}\n<\/style>\n<section  class='av_textblock_section av-kxruumk2-08c99e9451fbdfeac7627ea853589ae8 '   itemscope=\"itemscope\" itemtype=\"https:\/\/schema.org\/CreativeWork\" ><div class='avia_textblock av_inherit_color'  itemprop=\"text\" ><p style=\"text-align: justify;\"><span style=\"font-size: 12pt; font-family: arial, helvetica, sans-serif; color: #000000;\">Fuimos contratados por la empresa <strong>Ingenier\u00eda y Servicios ADM, S.A. de C.V. (ALDESA)<\/strong> para la reparaci\u00f3n y cierre de RED PCI y Sistemas Contra Incendio, Puesta en Marcha de Sistemas Contra Incendio en el proyecto CCI (CENTRAL DE COMBUSTI\u00d3N INTERNA) en Guerrero Negro IV promovida por Comisi\u00f3n Federal de Electricidad (CFE).<\/span><\/p>\n<\/div><\/section><\/p><\/div>\n<style type=\"text\/css\" data-created_by=\"avia_inline_auto\" id=\"style-css-av-9jcalk-ba469a2d6d14328d43b1c50bb20ee5e6\">\n.flex_column.av-9jcalk-ba469a2d6d14328d43b1c50bb20ee5e6{\nborder-radius:0px 0px 0px 0px;\npadding:0px 0px 0px 0px;\n}\n<\/style>\n<div  class='flex_column av-9jcalk-ba469a2d6d14328d43b1c50bb20ee5e6 av_one_half flex_column_div av-zero-column-padding  '     ><p><section  class='av_textblock_section av-kxruv9ah-52f409e00a96fe8a58c6ee3ccf5143ab '   itemscope=\"itemscope\" itemtype=\"https:\/\/schema.org\/CreativeWork\" ><div class='avia_textblock'  itemprop=\"text\" ><p><strong><span style=\"font-family: arial,helvetica,sans-serif; font-size: 21pt; color: #ff0000;\"><span style=\"color: #000000;\">2018<\/span><\/span><\/strong><\/p>\n<\/div><\/section><br \/>\n\n<style type=\"text\/css\" data-created_by=\"avia_inline_auto\" id=\"style-css-av-kxruvnhy-a09efce7cf701e7678a0112bbd06653a\">\n#top .av_textblock_section.av-kxruvnhy-a09efce7cf701e7678a0112bbd06653a .avia_textblock{\ncolor:#020202;\n}\n<\/style>\n<section  class='av_textblock_section av-kxruvnhy-a09efce7cf701e7678a0112bbd06653a '   itemscope=\"itemscope\" itemtype=\"https:\/\/schema.org\/CreativeWork\" ><div class='avia_textblock av_inherit_color'  itemprop=\"text\" ><p style=\"text-align: justify;\"><span style=\"font-size: 12pt; font-family: arial, helvetica, sans-serif; color: #000000;\">La empresa <strong>Equipamiento, Construcci\u00f3n y Montajes S.A. de C.V<\/strong> nos selecciona para el dise\u00f1o, suministro, instalaci\u00f3n del Sistema de ca\u00f1ones de agua, Sistemas de extinci\u00f3n de incendios en una terminal especializada a la planta en el puerto de L\u00e1zaro C\u00e1rdenas, estado de Michoac\u00e1n, M\u00e9xico y el puerto de Guerrero.<\/span><\/p>\n<p style=\"text-align: justify;\">\n<\/div><\/section><\/p><\/div>\n<style type=\"text\/css\" data-created_by=\"avia_inline_auto\" id=\"style-css-av-74t5jc-cccda70ea174c969e7ff2566c5239d85\">\n.flex_column.av-74t5jc-cccda70ea174c969e7ff2566c5239d85{\nborder-radius:0px 0px 0px 0px;\npadding:0px 0px 0px 0px;\n}\n<\/style>\n<div  class='flex_column av-74t5jc-cccda70ea174c969e7ff2566c5239d85 av_one_half first flex_column_div av-zero-column-padding  '     ><p><section  class='av_textblock_section av-kxruwas2-f21fb38543284199495abfbfbb9f2816 '   itemscope=\"itemscope\" itemtype=\"https:\/\/schema.org\/CreativeWork\" ><div class='avia_textblock'  itemprop=\"text\" ><p><strong><span style=\"font-family: arial,helvetica,sans-serif; font-size: 21pt; color: #ff0000;\"><span style=\"color: #000000;\">2017<\/span><\/span><\/strong><\/p>\n<\/div><\/section><br \/>\n\n<style type=\"text\/css\" data-created_by=\"avia_inline_auto\" id=\"style-css-av-kxrux2vn-56a08c50f086b750ca8f9bc34771bc27\">\n#top .av_textblock_section.av-kxrux2vn-56a08c50f086b750ca8f9bc34771bc27 .avia_textblock{\ncolor:#020202;\n}\n<\/style>\n<section  class='av_textblock_section av-kxrux2vn-56a08c50f086b750ca8f9bc34771bc27 '   itemscope=\"itemscope\" itemtype=\"https:\/\/schema.org\/CreativeWork\" ><div class='avia_textblock av_inherit_color'  itemprop=\"text\" ><p style=\"text-align: justify;\"><span style=\"font-family: arial, helvetica, sans-serif; font-size: 12pt; color: #000000;\">En este a\u00f1o <strong>DURO FELGUERA, S.A.<\/strong> deja en nuestras manos la instalaci\u00f3n del sistema de detecci\u00f3n, alarma y supresi\u00f3n para una central de cogeneraci\u00f3n el\u00e9ctrica, ubicada en las instalaciones de <strong>Bio-Pappel Scribe<\/strong>, quienes son l\u00edderes en la fabricaci\u00f3n de papeles para escritura e impresi\u00f3n en M\u00e9xico, incluyendo papel bond en rollos y papel cortado, as\u00ed como papel peri\u00f3dico.<\/span><\/p>\n<p style=\"text-align: justify;\"><span style=\"font-size: 12pt; font-family: arial, helvetica, sans-serif; color: #000000;\">\u00a0<\/span><\/p>\n<p style=\"text-align: justify;\">\n<\/div><\/section><\/p><\/div>\n<style type=\"text\/css\" data-created_by=\"avia_inline_auto\" id=\"style-css-av-kff88-1d96cb64746aa1b248219c3396e297a5\">\n.flex_column.av-kff88-1d96cb64746aa1b248219c3396e297a5{\nborder-radius:0px 0px 0px 0px;\npadding:0px 0px 0px 0px;\n}\n<\/style>\n<div  class='flex_column av-kff88-1d96cb64746aa1b248219c3396e297a5 av_one_half flex_column_div av-zero-column-padding  '     ><p><section  class='av_textblock_section av-kxruxazd-0342db69cd2a7f59bd0ef39193ff5d4e '   itemscope=\"itemscope\" itemtype=\"https:\/\/schema.org\/CreativeWork\" ><div class='avia_textblock'  itemprop=\"text\" ><p><strong><span style=\"font-family: arial,helvetica,sans-serif; font-size: 21pt; color: #ff0000;\"><span style=\"color: #000000;\">2016<\/span><\/span><\/strong><\/p>\n<\/div><\/section><br \/>\n\n<style type=\"text\/css\" data-created_by=\"avia_inline_auto\" id=\"style-css-av-kxruxvoo-bba34805cb842bde14df97e370bbeaae\">\n#top .av_textblock_section.av-kxruxvoo-bba34805cb842bde14df97e370bbeaae .avia_textblock{\ncolor:#020202;\n}\n<\/style>\n<section  class='av_textblock_section av-kxruxvoo-bba34805cb842bde14df97e370bbeaae '   itemscope=\"itemscope\" itemtype=\"https:\/\/schema.org\/CreativeWork\" ><div class='avia_textblock av_inherit_color'  itemprop=\"text\" ><p style=\"text-align: justify;\"><span style=\"font-family: arial, helvetica, sans-serif; font-size: 12pt; color: #000000;\"><strong>MINERA TAYAHUA<\/strong> nos seleccion\u00f3 para la instalaci\u00f3n de un Sistema de Detecci\u00f3n &#038; Alarma para una de sus subestaciones dentro del t\u00fanel.<\/span><\/p>\n<p style=\"text-align: justify;\"><span style=\"font-family: arial, helvetica, sans-serif; font-size: 12pt; color: #000000;\">A partir de entonces hemos realizado los trabajos de ingenier\u00eda, instalaci\u00f3n, suministro, pruebas, puesta en marcha y capacitaci\u00f3n para los sistemas de detecci\u00f3n &#038; alarma contra incendio. El proyecto de la mina consiste en el desarrollo de una rampa de acceso de 6 km y la instalaci\u00f3n de un tren de trituraci\u00f3n, molienda y ampliaci\u00f3n de la planta de flotaci\u00f3n actual.<\/span><\/p>\n<p style=\"text-align: justify;\"><span style=\"font-family: arial, helvetica, sans-serif; font-size: 12pt; color: #000000;\"><strong>DUNOR ENERG\u00cdA<\/strong> nos conf\u00eda el S.C.I. para su proyecto <strong>EMPALME II<\/strong>. El proyecto comprende la ingenier\u00eda, el suministro, instalaci\u00f3n, pruebas de hermeticidad, puesta en marcha y capacitaci\u00f3n de los sistemas de detecci\u00f3n, alarma y supresi\u00f3n con agente limpio, as\u00ed como la red de agua contra incendio para toda la planta.<\/span><\/p>\n<p style=\"text-align: justify;\"><span style=\"font-family: arial, helvetica, sans-serif; font-size: 12pt; color: #000000;\"><strong>ICA FLUOR<\/strong> pone en nuestras manos la instalaci\u00f3n del S.C.I. para su proyecto <strong>Tractebel Energ\u00eda del P\u00e1nuco<\/strong>.<\/span><\/p>\n<\/div><\/section><\/p><\/div>\n<style type=\"text\/css\" data-created_by=\"avia_inline_auto\" id=\"style-css-av-3iunm0-4f09c64b82628f4e0869807d6df1e3ea\">\n.flex_column.av-3iunm0-4f09c64b82628f4e0869807d6df1e3ea{\nborder-radius:0px 0px 0px 0px;\npadding:0px 0px 0px 0px;\n}\n<\/style>\n<div  class='flex_column av-3iunm0-4f09c64b82628f4e0869807d6df1e3ea av_one_half first flex_column_div av-zero-column-padding  '     ><p><section  class='av_textblock_section av-kxruywfb-e8898496bac5855f669a2a3a56e85fc6 '   itemscope=\"itemscope\" itemtype=\"https:\/\/schema.org\/CreativeWork\" ><div class='avia_textblock'  itemprop=\"text\" ><p><strong><span style=\"font-family: arial,helvetica,sans-serif; font-size: 21pt; color: #ff0000;\"><span style=\"color: #000000;\">2015<\/span><\/span><\/strong><\/p>\n<\/div><\/section><br \/>\n\n<style type=\"text\/css\" data-created_by=\"avia_inline_auto\" id=\"style-css-av-kxruzhd9-23494e5c022d2468520959d76beedd95\">\n#top .av_textblock_section.av-kxruzhd9-23494e5c022d2468520959d76beedd95 .avia_textblock{\ncolor:#020202;\n}\n<\/style>\n<section  class='av_textblock_section av-kxruzhd9-23494e5c022d2468520959d76beedd95 '   itemscope=\"itemscope\" itemtype=\"https:\/\/schema.org\/CreativeWork\" ><div class='avia_textblock av_inherit_color'  itemprop=\"text\" ><p style=\"text-align: justify;\"><span style=\"font-family: arial, helvetica, sans-serif; font-size: 12pt; color: #000000;\"><strong>CFE <\/strong>nos escoge para realizar el servicio de mantenimiento a su sistema contra incendio en la Central de Ciclo Combinado San Lorenzo.<\/span><\/p>\n<p style=\"text-align: justify;\"><span style=\"font-family: arial, helvetica, sans-serif; font-size: 12pt; color: #000000;\">La empresa <strong>DUMEZ COPISA<\/strong> nos selecciona para la instalaci\u00f3n del Sistema de detecci\u00f3n, alarma y supresi\u00f3n con FM-200 para la Terminal de Distribuci\u00f3n de Gas Poza Rica.<\/span><\/p>\n<\/div><\/section><\/p><\/div>\n<style type=\"text\/css\" data-created_by=\"avia_inline_auto\" id=\"style-css-av-3280oo-1daab96833f0073a99e69b06f05775ea\">\n.flex_column.av-3280oo-1daab96833f0073a99e69b06f05775ea{\nborder-radius:0px 0px 0px 0px;\npadding:0px 0px 0px 0px;\n}\n<\/style>\n<div  class='flex_column av-3280oo-1daab96833f0073a99e69b06f05775ea av_one_half flex_column_div av-zero-column-padding  '     ><p><section  class='av_textblock_section av-kxruzmp7-88d8262cd43da6e9f6c712d69237a0e8 '   itemscope=\"itemscope\" itemtype=\"https:\/\/schema.org\/CreativeWork\" ><div class='avia_textblock'  itemprop=\"text\" ><p><strong><span style=\"font-family: arial,helvetica,sans-serif; font-size: 21pt; color: #ff0000;\"><span style=\"color: #000000;\">2014<\/span><\/span><\/strong><\/p>\n<\/div><\/section><br \/>\n\n<style type=\"text\/css\" data-created_by=\"avia_inline_auto\" id=\"style-css-av-kxrv097v-2b97e0a522d297006cf14d4b81f907cb\">\n#top .av_textblock_section.av-kxrv097v-2b97e0a522d297006cf14d4b81f907cb .avia_textblock{\ncolor:#020202;\n}\n<\/style>\n<section  class='av_textblock_section av-kxrv097v-2b97e0a522d297006cf14d4b81f907cb '   itemscope=\"itemscope\" itemtype=\"https:\/\/schema.org\/CreativeWork\" ><div class='avia_textblock av_inherit_color'  itemprop=\"text\" ><p style=\"text-align: justify;\"><span style=\"font-family: arial, helvetica, sans-serif; font-size: 12pt; color: #000000;\">La empresa <strong>BRASKEM-IDESA<\/strong>, deja en nuestras manos el proyecto <strong>ETILENO XXI <\/strong>para la instalaci\u00f3n de los Sistemas de Protecci\u00f3n Contra Incendio en su complejo petroqu\u00edmico, siendo el productor de polietileno m\u00e1s grande de Latinoam\u00e9rica.<\/span><\/p>\n<p style=\"text-align: justify;\"><span style=\"font-family: arial, helvetica, sans-serif; font-size: 12pt; color: #000000;\">El alcance de los trabajos fue Ingenier\u00eda, Suministro, Instalaci\u00f3n, Puesta en Marcha, Pruebas de Hermeticidad y Capacitaci\u00f3n de los Sistemas de Protecci\u00f3n Contra Incendio para las Subestaciones OSLB Norte, OSLB Sur, CRACKER, HDPE, LDPE y Edificios de Related Facilities.<\/span><\/p>\n<\/div><\/section><\/p><\/div>\n<style type=\"text\/css\" data-created_by=\"avia_inline_auto\" id=\"style-css-av-4p8al6-769cd1f32f104b7184a4704f0716dc83\">\n#top .hr.hr-invisible.av-4p8al6-769cd1f32f104b7184a4704f0716dc83{\nheight:100px;\n}\n<\/style>\n<div  class='hr av-4p8al6-769cd1f32f104b7184a4704f0716dc83 hr-invisible'><span class='hr-inner '><span class=\"hr-inner-style\"><\/span><\/span><\/div>\n<br \/>\n<\/div><\/div><\/main><!-- close content main element --><\/div><div class='av-extra-border-element border-extra-diagonal border-extra-diagonal-inverse '><div class='av-extra-border-outer'><div class='av-extra-border-inner'><\/div><\/div><\/div><\/div>\n<style type=\"text\/css\" data-created_by=\"avia_inline_auto\" id=\"style-css-av-d74lco-38719b4f8bce3c46f2866fb204737d50\">\n.avia-section.av-d74lco-38719b4f8bce3c46f2866fb204737d50{\nbackground-color:#1c1c1c;\nbackground-image:unset;\n}\n<\/style>\n<div id='av_section_2'  class='avia-section av-d74lco-38719b4f8bce3c46f2866fb204737d50 main_color avia-section-small avia-no-border-styling avia-bg-style-scroll container_wrap sidebar_right'  ><div class='container av-section-cont-open' ><div class='template-page content  av-content-small alpha units'><div class='post-entry post-entry-type-page post-entry-1896'><div class='entry-content-wrapper clearfix'>\n<div class='flex_column_table av-15ggbc-60b2d5b6f1e44534da504122667042a8 sc-av_three_fifth av-equal-height-column-flextable'><div  class='flex_column av-15ggbc-60b2d5b6f1e44534da504122667042a8 av_three_fifth first flex_column_table_cell av-equal-height-column av-align-middle  '     ><section  class='av_textblock_section av-8qc208-fd7fc189d77674944de23cedbab5e896 '   itemscope=\"itemscope\" itemtype=\"https:\/\/schema.org\/CreativeWork\" ><div class='avia_textblock'  itemprop=\"text\" ><div class=\"flex_column first el_before_\">\n<section id=\"text-2\" class=\"widget clearfix widget_text\">\n<h3 class=\"widgettitle\" style=\"text-align: justify;\"><span style=\"color: #ffffff;\">SACI | Sistemas Autom\u00e1ticos Contra Incendio<\/span><\/h3>\n<p style=\"text-align: justify;\"><span style=\"font-family: helvetica, arial, sans-serif; font-size: 12pt;\"><span style=\"color: #ffffff;\">Tels. 55-5344-50-62, 55-5344-51-00, 55-5344-51-05 y 55-5343-59-63 <\/span><br \/>\n<span style=\"color: #ffffff;\">San Mateo Nopala #3 Col. Valle de San Mateo, Naucalpan de Ju\u00e1rez Edo. De M\u00e9xico. C.P. 53240<\/span><br \/>\n<\/span><br \/>\n<\/section>\n<\/div>\n<\/div><\/section><\/div><\/div><!--close column table wrapper. Autoclose: 1 --><div class='flex_column_table av-6uos94-2b43860168e3f8243255d6b5dc70e669 sc-av_one_fifth av-equal-height-column-flextable'><div class='av-flex-placeholder'><\/div><div  class='flex_column av-6uos94-2b43860168e3f8243255d6b5dc70e669 av_one_fifth flex_column_table_cell av-equal-height-column av-align-middle  '     ><style type=\"text\/css\" data-created_by=\"avia_inline_auto\" id=\"style-css-av-5qgiwo-8d37411d2b618c1ac68debb3b801b9ef\">\n.av_font_icon.av-5qgiwo-8d37411d2b618c1ac68debb3b801b9ef{\ncolor:#ffffff;\nborder-color:#ffffff;\n}\n.av_font_icon.av-5qgiwo-8d37411d2b618c1ac68debb3b801b9ef .av-icon-char{\nfont-size:30px;\nline-height:30px;\n}\n<\/style>\n<span  class='av_font_icon av-5qgiwo-8d37411d2b618c1ac68debb3b801b9ef avia_animate_when_visible av-icon-style- avia-icon-pos-right avia-icon-animate'><a href='https:\/\/www.facebook.com\/SACIcdmx\/'   class='av-icon-char' aria-hidden='true' data-av_icon='\ue8f3' data-av_iconfont='entypo-fontello' ><\/a><\/span><\/div><\/div><!--close column table wrapper. Autoclose: 1 --><div class='flex_column_table av-3uplzc-413101f4691c26d76626b2eabcae3918 sc-av_one_fifth av-equal-height-column-flextable'><div class='av-flex-placeholder'><\/div><div  class='flex_column av-3uplzc-413101f4691c26d76626b2eabcae3918 av_one_fifth flex_column_table_cell av-equal-height-column av-align-middle  '     ><style type=\"text\/css\" data-created_by=\"avia_inline_auto\" id=\"style-css-av-1uzb0o-3604980d1217006efd29c8e41c61967d\">\n.av_font_icon.av-1uzb0o-3604980d1217006efd29c8e41c61967d{\ncolor:#ffffff;\nborder-color:#ffffff;\n}\n.av_font_icon.av-1uzb0o-3604980d1217006efd29c8e41c61967d .av-icon-char{\nfont-size:30px;\nline-height:30px;\n}\n<\/style>\n<span  class='av_font_icon av-1uzb0o-3604980d1217006efd29c8e41c61967d avia_animate_when_visible av-icon-style- avia-icon-pos-left avia-icon-animate'><a href='https:\/\/www.linkedin.com\/company\/saci-sistemas-autom%C3%A1ticos-contra-incendio\/'   class='av-icon-char' aria-hidden='true' data-av_icon='\ue8fc' data-av_iconfont='entypo-fontello' ><\/a><\/span><\/div><\/div><!--close column table wrapper. Autoclose: 1 --><\/div><\/div><\/div><!-- close content main div --><\/div><\/div><div id='after_section_2'  class='main_color av_default_container_wrap container_wrap sidebar_right'  ><div class='container av-section-cont-open' ><div class='template-page content  av-content-small alpha units'><div class='post-entry post-entry-type-page post-entry-1896'><div class='entry-content-wrapper clearfix'><\/p>\n","protected":false},"excerpt":{"rendered":"","protected":false},"author":2,"featured_media":0,"parent":0,"menu_order":7,"comment_status":"closed","ping_status":"closed","template":"","meta":{"footnotes":""},"class_list":["post-1896","page","type-page","status-publish","hentry"],"_links":{"self":[{"href":"https:\/\/sacimx.com.mx\/m\/wp-json\/wp\/v2\/pages\/1896","targetHints":{"allow":["GET"]}}],"collection":[{"href":"https:\/\/sacimx.com.mx\/m\/wp-json\/wp\/v2\/pages"}],"about":[{"href":"https:\/\/sacimx.com.mx\/m\/wp-json\/wp\/v2\/types\/page"}],"author":[{"embeddable":true,"href":"https:\/\/sacimx.com.mx\/m\/wp-json\/wp\/v2\/users\/2"}],"replies":[{"embeddable":true,"href":"https:\/\/sacimx.com.mx\/m\/wp-json\/wp\/v2\/comments?post=1896"}],"version-history":[{"count":59,"href":"https:\/\/sacimx.com.mx\/m\/wp-json\/wp\/v2\/pages\/1896\/revisions"}],"predecessor-version":[{"id":2564,"href":"https:\/\/sacimx.com.mx\/m\/wp-json\/wp\/v2\/pages\/1896\/revisions\/2564"}],"wp:attachment":[{"href":"https:\/\/sacimx.com.mx\/m\/wp-json\/wp\/v2\/media?parent=1896"}],"curies":[{"name":"wp","href":"https:\/\/api.w.org\/{rel}","templated":true}]}}